{"id":7,"date":"2025-05-07T15:17:57","date_gmt":"2025-05-07T13:17:57","guid":{"rendered":"http:\/\/demo.edge-themes.com\/hudson6\/?page_id=7"},"modified":"2025-07-25T10:18:16","modified_gmt":"2025-07-25T08:18:16","slug":"chateau-le-tros","status":"publish","type":"page","link":"https:\/\/www.chateauletros.fr\/","title":{"rendered":"Accueil"},"content":{"rendered":"<div class=\"wpb-content-wrapper\"><p>[vc_row row_type=\u00a0\u00bbrow\u00a0\u00bb use_row_as_full_screen_section=\u00a0\u00bbno\u00a0\u00bb type=\u00a0\u00bbfull_width\u00a0\u00bb text_align=\u00a0\u00bbcenter\u00a0\u00bb padding_top=\u00a0\u00bb20&Prime; padding_bottom=\u00a0\u00bb20&Prime; box_shadow_on_row=\u00a0\u00bbno\u00a0\u00bb oblique_section=\u00a0\u00bbno\u00a0\u00bb oblique_section_top_and_bottom=\u00a0\u00bbboth\u00a0\u00bb oblique_section_position=\u00a0\u00bbfrom_left_to_right\u00a0\u00bb triangle_shape=\u00a0\u00bbno\u00a0\u00bb triangle_shape_position=\u00a0\u00bbboth\u00a0\u00bb floating_direction=\u00a0\u00bbtop-bottom\u00a0\u00bb floating_speed=\u00a0\u00bb3&Prime; zigzag=\u00a0\u00bbyes\u00a0\u00bb floating_randsize=\u00a0\u00bbyes\u00a0\u00bb][vc_column][vc_row_inner row_type=\u00a0\u00bbrow\u00a0\u00bb type=\u00a0\u00bbfull_width\u00a0\u00bb use_row_as_full_screen_section_slide=\u00a0\u00bbno\u00a0\u00bb text_align=\u00a0\u00bbleft\u00a0\u00bb box_shadow_on_row=\u00a0\u00bbno\u00a0\u00bb][vc_column_inner]<div class=\"custom_font_holder\" style=\"font-family: Playfair Display; font-size: 33px; line-height: 45px; font-style: normal; font-weight: 400; color: #ffffff; text-decoration: none; letter-spacing: 0px;; text-transform: capitalize; text-align: center\" data-font-size=33 data-line-height=45 ><div  >Bienvenue au Ch\u00e2teau le Tros<\/div><\/div>[vc_text_separator title=\u00a0\u00bbViticulteur situ\u00e9 \u00e0 Tizac-de-Curton en appellation Bordeaux.\u00a0\u00bb text_in_box=\u00a0\u00bbno\u00a0\u00bb text_position=\u00a0\u00bbcenter\u00a0\u00bb box_padding=\u00a0\u00bb15&Prime; line_width=\u00a0\u00bb255&Prime; line_thickness=\u00a0\u00bb1&Prime; line_border_style=\u00a0\u00bbsolid\u00a0\u00bb up=\u00a0\u00bb10&Prime; down=\u00a0\u00bb22&Prime; animation=\u00a0\u00bbanimate_width\u00a0\u00bb line_dots=\u00a0\u00bbno\u00a0\u00bb][vc_column_text]<\/p>\n<p style=\"text-align: center;\"><strong>Bienvenue au Ch\u00e2teau Le Tros<\/strong><\/p>\n<p style=\"text-align: center;\">Situ\u00e9 au c\u0153ur de l\u2019Entre-deux-Mers, le Ch\u00e2teau Le Tros est une propri\u00e9t\u00e9 familiale o\u00f9 trois g\u00e9n\u00e9rations de vignerons se sont succ\u00e9d\u00e9s, anim\u00e9es par la passion et le respect de la tradition. Nous fa\u00e7onnons aujourd&rsquo;hui des vins authentiques, h\u00e9ritiers d&rsquo;un savoir-faire transmis avec fiert\u00e9.<\/p>\n<p>&nbsp;<\/p>\n<p style=\"text-align: center;\">Depuis sa cr\u00e9ation, sous l\u2019impulsion du grand-p\u00e8re de l\u2019actuel g\u00e9rant, nous cultivons nos vignes avec respect et en harmonie avec notre terroir. Aujourd\u2019hui certifi\u00e9s <strong>HVE3 (Haute Valeur Environnementale)<\/strong>, nous poursuivons cet engagement. De la culture de la vigne \u00e0 la mise en bouteille, nous apportons un soin attentif et passionn\u00e9, dans une qu\u00eate constante de qualit\u00e9.<\/p>\n<p>&nbsp;<\/p>\n<p style=\"text-align: center;\">Entrez dans notre univers, o\u00f9 pass\u00e9 et avenir se rencontrent pour donner naissance \u00e0 des vins empreints de caract\u00e8re, reflets de notre h\u00e9ritage et de notre terroir.<\/p>\n<p>&nbsp;<\/p>\n<p style=\"text-align: center;\"><strong>Bonne visite ! \ud83d\ude42<\/strong><\/p>\n<p>[\/vc_column_text][\/vc_column_inner][\/vc_row_inner][vc_row_inner row_type=\u00a0\u00bbrow\u00a0\u00bb type=\u00a0\u00bbfull_width\u00a0\u00bb use_row_as_full_screen_section_slide=\u00a0\u00bbno\u00a0\u00bb text_align=\u00a0\u00bbleft\u00a0\u00bb padding_top=\u00a0\u00bb23&Prime; box_shadow_on_row=\u00a0\u00bbno\u00a0\u00bb floating_direction=\u00a0\u00bbtop-bottom\u00a0\u00bb floating_speed=\u00a0\u00bb3&Prime; floating_zigzag=\u00a0\u00bbyes\u00a0\u00bb floating_randsize=\u00a0\u00bbyes\u00a0\u00bb][vc_column_inner width=\u00a0\u00bb1\/3&Prime;][vc_single_image image=\u00a0\u00bb10462&Prime; img_size=\u00a0\u00bbfull\u00a0\u00bb hover_animation=\u00a0\u00bbno\u00a0\u00bb][vc_separator type=\u00a0\u00bbtransparent\u00a0\u00bb up=\u00a0\u00bb23&Prime; up_style=\u00a0\u00bbpx\u00a0\u00bb down=\u00a0\u00bb0&Prime; down_style=\u00a0\u00bbpx\u00a0\u00bb][vc_column_text]<\/p>\n<h5 style=\"text-align: center;\">Appellation Bordeaux<\/h5>\n<p>[\/vc_column_text][vc_separator type=\u00a0\u00bbtransparent\u00a0\u00bb up=\u00a0\u00bb16&Prime; up_style=\u00a0\u00bbpx\u00a0\u00bb down=\u00a0\u00bb0&Prime; down_style=\u00a0\u00bbpx\u00a0\u00bb][vc_column_text]<\/p>\n<p style=\"text-align: center;\"><span class=\"relative -mx-px my-[-0.2rem] rounded px-px py-[0.2rem] transition-colors duration-100 ease-in-out\">Le Ch\u00e2teau Le Tros est situ\u00e9 en <strong data-start=\"32\" data-end=\"48\">AOC Bordeaux<\/strong>, une appellation d&rsquo;origine contr\u00f4l\u00e9e cr\u00e9\u00e9e en <strong data-start=\"95\" data-end=\"103\">1936<\/strong>,<\/span> <span class=\"relative -mx-px my-[-0.2rem] rounded px-px py-[0.2rem] transition-colors duration-100 ease-in-out\">reconnue comme l&rsquo;une des premi\u00e8res et des plus embl\u00e9matiques de France.<\/span><\/p>\n<p>[\/vc_column_text][\/vc_column_inner][vc_column_inner width=\u00a0\u00bb1\/3&Prime;][vc_single_image image=\u00a0\u00bb10464&Prime; img_size=\u00a0\u00bbfull\u00a0\u00bb hover_animation=\u00a0\u00bbno\u00a0\u00bb][vc_separator type=\u00a0\u00bbtransparent\u00a0\u00bb up=\u00a0\u00bb23&Prime; up_style=\u00a0\u00bbpx\u00a0\u00bb down=\u00a0\u00bb0&Prime; down_style=\u00a0\u00bbpx\u00a0\u00bb][vc_column_text]<\/p>\n<h5 style=\"text-align: center;\">4\u00e8me g\u00e9n\u00e9ration<\/h5>\n<p>[\/vc_column_text][vc_separator type=\u00a0\u00bbtransparent\u00a0\u00bb up=\u00a0\u00bb16&Prime; up_style=\u00a0\u00bbpx\u00a0\u00bb down=\u00a0\u00bb0&Prime; down_style=\u00a0\u00bbpx\u00a0\u00bb][\/vc_column_inner][vc_column_inner width=\u00a0\u00bb1\/3&Prime;][vc_single_image image=\u00a0\u00bb10463&Prime; img_size=\u00a0\u00bbfull\u00a0\u00bb hover_animation=\u00a0\u00bbno\u00a0\u00bb][vc_separator type=\u00a0\u00bbtransparent\u00a0\u00bb up=\u00a0\u00bb23&Prime; up_style=\u00a0\u00bbpx\u00a0\u00bb down=\u00a0\u00bb0&Prime; down_style=\u00a0\u00bbpx\u00a0\u00bb][vc_column_text]<\/p>\n<h5 style=\"text-align: center;\">Une gamme compl\u00e8te de vin<\/h5>\n<p>[\/vc_column_text][vc_separator type=\u00a0\u00bbtransparent\u00a0\u00bb up=\u00a0\u00bb16&Prime; up_style=\u00a0\u00bbpx\u00a0\u00bb down=\u00a0\u00bb0&Prime; down_style=\u00a0\u00bbpx\u00a0\u00bb][vc_column_text]<\/p>\n<p style=\"text-align: center;\"><em>Rouges, Ros\u00e9, Blancs, Cr\u00e9mant, Moelleux<\/em><\/p>\n<p>[\/vc_column_text][vc_column_text]<\/p>\n<p style=\"text-align: center;\"><a href=\"http:\/\/chateauletros.fr\/index.php\/portfolio_page\/les-vins\/\">En savoir plus<\/a><\/p>\n<p>[\/vc_column_text][\/vc_column_inner][\/vc_row_inner][\/vc_column][\/vc_row][vc_row row_type=\u00a0\u00bbrow\u00a0\u00bb use_row_as_full_screen_section=\u00a0\u00bbno\u00a0\u00bb type=\u00a0\u00bbgrid\u00a0\u00bb text_align=\u00a0\u00bbleft\u00a0\u00bb padding_top=\u00a0\u00bb64&Prime; box_shadow_on_row=\u00a0\u00bbno\u00a0\u00bb floating_direction=\u00a0\u00bbtop-bottom\u00a0\u00bb floating_speed=\u00a0\u00bb3&Prime; zigzag=\u00a0\u00bbyes\u00a0\u00bb floating_randsize=\u00a0\u00bbyes\u00a0\u00bb][vc_column][vc_column_text]<\/p>\n<h2 style=\"text-align: center;\">Le Domaine<\/h2>\n<p>[\/vc_column_text][vc_text_separator title=\u00a0\u00bben quelques chiffres\u00a0\u00bb text_in_box=\u00a0\u00bbno\u00a0\u00bb text_position=\u00a0\u00bbcenter\u00a0\u00bb box_padding=\u00a0\u00bb15&Prime; line_width=\u00a0\u00bb255&Prime; line_thickness=\u00a0\u00bb1&Prime; line_border_style=\u00a0\u00bbsolid\u00a0\u00bb up=\u00a0\u00bb7&Prime; down=\u00a0\u00bb44&Prime; animation=\u00a0\u00bbanimate_width\u00a0\u00bb line_dots=\u00a0\u00bbno\u00a0\u00bb][\/vc_column][\/vc_row][vc_row row_type=\u00a0\u00bbrow\u00a0\u00bb use_row_as_full_screen_section=\u00a0\u00bbno\u00a0\u00bb type=\u00a0\u00bbgrid\u00a0\u00bb text_align=\u00a0\u00bbleft\u00a0\u00bb padding_bottom=\u00a0\u00bb20&Prime; box_shadow_on_row=\u00a0\u00bbno\u00a0\u00bb floating_direction=\u00a0\u00bbtop-bottom\u00a0\u00bb floating_speed=\u00a0\u00bb3&Prime; zigzag=\u00a0\u00bbyes\u00a0\u00bb floating_randsize=\u00a0\u00bbyes\u00a0\u00bb][vc_column width=\u00a0\u00bb1\/3&Prime;]<div class='edgt_icon_with_title  normal_icon left_from_title' ><div class=\"icon_title_holder\"><div class=\"icon_holder \" style=\"margin: 0px 20px 10px 0px; \"><div class=\"icon_holder_inner\"><span class=\"edgt_icon_stack edgt_medium_icon \" style=\"font-size: 20px;\"><i class=\"edgt_icon_simple_line_icon  icon_text_icon edgt_icon_stack_1x\" style=\"font-size: 20px;\" ><\/i><\/span><\/div><\/div><div class=\"icon_title_inner_holder\"><h2 class=\"icon_title \" style=\"margin-bottom: 6px;\">Le vin<\/h2><\/div><\/div><div class=\"icon_text_holder\"><div class=\"icon_text_inner\"><p style=''>La premi\u00e8re mise en bouteille \u00e0 eu lieu en 1974, il y a maintenant plus de 50 ans. Le Ch\u00e2teau le Tros est une propri\u00e9t\u00e9 familiale depuis 4 g\u00e9n\u00e9rations, situ\u00e9e \u00e0 Tizac de Curton en Appellation Bordeaux.<\/p><\/div><\/div><\/div>[vc_separator type=\u00a0\u00bbtransparent\u00a0\u00bb up=\u00a0\u00bb10&Prime; up_style=\u00a0\u00bbpx\u00a0\u00bb down=\u00a0\u00bb0&Prime; down_style=\u00a0\u00bbpx\u00a0\u00bb][\/vc_column][vc_column width=\u00a0\u00bb1\/3&Prime;]<div class='edgt_icon_with_title  normal_icon left_from_title' ><div class=\"icon_title_holder\"><div class=\"icon_holder \" style=\"margin: 0px 20px 10px 0px; \"><div class=\"icon_holder_inner\"><span class=\"edgt_icon_stack edgt_tiny_icon \" style=\"font-size: 20px;\"><i class=\"edgt_icon_simple_line_icon icon-paper-clip icon_text_icon edgt_icon_stack_1x\" style=\"font-size: 20px;\" ><\/i><\/span><\/div><\/div><div class=\"icon_title_inner_holder\"><h2 class=\"icon_title \" style=\"margin-bottom: 6px;\">Les vignes<\/h2><\/div><\/div><div class=\"icon_text_holder\"><div class=\"icon_text_inner\"><p style=''>Les vignes du ch\u00e2teau le Tros s&#039;\u00e9tendent sur plus de 54 Hectares, dont 6 ha en Blancs, repartis sur quatre communes : Tizac de Curton, G\u00e9nissac, Naujan et Postiac<\/p><\/div><\/div><\/div>[vc_separator type=\u00a0\u00bbtransparent\u00a0\u00bb up=\u00a0\u00bb10&Prime; up_style=\u00a0\u00bbpx\u00a0\u00bb down=\u00a0\u00bb0&Prime; down_style=\u00a0\u00bbpx\u00a0\u00bb][\/vc_column][vc_column width=\u00a0\u00bb1\/3&Prime;]<div class='edgt_icon_with_title  normal_icon left_from_title' ><div class=\"icon_title_holder\"><div class=\"icon_holder \" style=\"margin: 0px 20px 10px 0px; \"><div class=\"icon_holder_inner\"><span class=\"edgt_icon_stack edgt_tiny_icon \" style=\"font-size: 15px;\"><i class=\"edgt_icon_simple_line_icon icon-heart icon_text_icon edgt_icon_stack_1x\" style=\"font-size: 15px;\" ><\/i><\/span><\/div><\/div><div class=\"icon_title_inner_holder\"><h2 class=\"icon_title \" style=\"margin-bottom: 6px;\">La vinification<\/h2><\/div><\/div><div class=\"icon_text_holder\"><div class=\"icon_text_inner\"><p style=''>Nos chais de vinification sont compos\u00e9s de 6500 hectolitres de cuves inox. Nous avons aussi des cuves en b\u00e9ton et les traditionnelles barriques bordelaises dans lesquelles vieillissent nos cuv\u00e9es sp\u00e9ciales.<\/p><\/div><\/div><\/div>[vc_separator type=\u00a0\u00bbtransparent\u00a0\u00bb up=\u00a0\u00bb10&Prime; up_style=\u00a0\u00bbpx\u00a0\u00bb down=\u00a0\u00bb0&Prime; down_style=\u00a0\u00bbpx\u00a0\u00bb][\/vc_column][\/vc_row][vc_row row_type=\u00a0\u00bbrow\u00a0\u00bb use_row_as_full_screen_section=\u00a0\u00bbno\u00a0\u00bb type=\u00a0\u00bbgrid\u00a0\u00bb text_align=\u00a0\u00bbleft\u00a0\u00bb padding_top=\u00a0\u00bb24&Prime; box_shadow_on_row=\u00a0\u00bbno\u00a0\u00bb floating_direction=\u00a0\u00bbtop-bottom\u00a0\u00bb floating_speed=\u00a0\u00bb3&Prime; zigzag=\u00a0\u00bbyes\u00a0\u00bb floating_randsize=\u00a0\u00bbyes\u00a0\u00bb][vc_column][vc_column_text]<\/p>\n<h2 style=\"text-align: center;\">L&rsquo;actualit\u00e9<\/h2>\n<p>[\/vc_column_text][vc_text_separator title=\u00a0\u00bbnews, nouveaut\u00e9s, salons, portes ouvertes&#8230;\u00a0\u00bb text_in_box=\u00a0\u00bbno\u00a0\u00bb text_position=\u00a0\u00bbcenter\u00a0\u00bb box_padding=\u00a0\u00bb15&Prime; line_width=\u00a0\u00bb255&Prime; line_thickness=\u00a0\u00bb1&Prime; line_border_style=\u00a0\u00bbsolid\u00a0\u00bb up=\u00a0\u00bb7&Prime; down=\u00a0\u00bb44&Prime; animation=\u00a0\u00bbanimate_width\u00a0\u00bb line_dots=\u00a0\u00bbno\u00a0\u00bb][\/vc_column][\/vc_row][vc_row row_type=\u00a0\u00bbrow\u00a0\u00bb use_row_as_full_screen_section=\u00a0\u00bbno\u00a0\u00bb type=\u00a0\u00bbfull_width\u00a0\u00bb text_align=\u00a0\u00bbleft\u00a0\u00bb box_shadow_on_row=\u00a0\u00bbno\u00a0\u00bb][vc_column]<div class=\"latest_post_holder  boxes three_columns\"><ul class='post_list'><li class=\"clearfix\"><div class=\"box_padding_border\"><div class=\"boxes_image\"><a href=\"https:\/\/www.chateauletros.fr\/index.php\/2017\/03\/28\/salons-des-vins-de-chataignes-sarthe-les-19-et-20-juillet-2025\/\"><img loading=\"lazy\" decoding=\"async\" width=\"550\" height=\"550\" src=\"https:\/\/www.chateauletros.fr\/wp-content\/uploads\/2017\/01\/MG_9304-550x550.jpg\" class=\"attachment-portfolio-square size-portfolio-square wp-post-image\" alt=\"\" srcset=\"https:\/\/www.chateauletros.fr\/wp-content\/uploads\/2017\/01\/MG_9304-150x150.jpg 150w, https:\/\/www.chateauletros.fr\/wp-content\/uploads\/2017\/01\/MG_9304-550x550.jpg 550w, https:\/\/www.chateauletros.fr\/wp-content\/uploads\/2017\/01\/MG_9304-1000x1000.jpg 1000w\" sizes=\"auto, (max-width: 380px) 69.090909090909vw,(max-width: 500px) 90.909090909091vw,(max-width: 660px) 120vw,(max-width: 800px) 145.45454545455vw,550px\" \/><span class=\"latest_post_overlay\" ><\/span><\/a><\/div><div class=\"latest_post\" ><div class=\"latest_post_text\"><div class=\"latest_post_title_holder\"><h3 class=\"latest_post_title \" ><a href=\"https:\/\/www.chateauletros.fr\/index.php\/2017\/03\/28\/salons-des-vins-de-chataignes-sarthe-les-19-et-20-juillet-2025\/\" style = \"\">Salons des vins de Chahaignes (Sarthe) les 19 et 20 juillet 2025<\/a><\/h3><\/div><div class=\"post_info_section\" ><\/div><\/div><\/div><\/div><\/li><li class=\"clearfix\"><div class=\"box_padding_border\"><div class=\"boxes_image\"><a href=\"https:\/\/www.chateauletros.fr\/index.php\/2017\/03\/28\/prochaines-portes-ouvertes\/\"><img loading=\"lazy\" decoding=\"async\" width=\"550\" height=\"550\" src=\"https:\/\/www.chateauletros.fr\/wp-content\/uploads\/2017\/01\/IMG_9323-550x550.jpg\" class=\"attachment-portfolio-square size-portfolio-square wp-post-image\" alt=\"\" srcset=\"https:\/\/www.chateauletros.fr\/wp-content\/uploads\/2017\/01\/IMG_9323-150x150.jpg 150w, https:\/\/www.chateauletros.fr\/wp-content\/uploads\/2017\/01\/IMG_9323-550x550.jpg 550w, https:\/\/www.chateauletros.fr\/wp-content\/uploads\/2017\/01\/IMG_9323-1000x1000.jpg 1000w\" sizes=\"auto, (max-width: 380px) 69.090909090909vw,(max-width: 500px) 90.909090909091vw,(max-width: 660px) 120vw,(max-width: 800px) 145.45454545455vw,550px\" \/><span class=\"latest_post_overlay\" ><\/span><\/a><\/div><div class=\"latest_post\" ><div class=\"latest_post_text\"><div class=\"latest_post_title_holder\"><h3 class=\"latest_post_title \" ><a href=\"https:\/\/www.chateauletros.fr\/index.php\/2017\/03\/28\/prochaines-portes-ouvertes\/\" style = \"\">Portes ouvertes 2026 : date \u00e0 venir&#8230;<\/a><\/h3><\/div><div class=\"post_info_section\" ><\/div><\/div><\/div><\/div><\/li><li class=\"clearfix\"><div class=\"box_padding_border\"><div class=\"boxes_image\"><a href=\"https:\/\/www.chateauletros.fr\/index.php\/2017\/04\/05\/salon-des-vins-de-pontarlier-doubs-les-13-et-14-avril-2024\/\"><img loading=\"lazy\" decoding=\"async\" width=\"550\" height=\"550\" src=\"https:\/\/www.chateauletros.fr\/wp-content\/uploads\/2017\/01\/MG_9345-550x550.jpg\" class=\"attachment-portfolio-square size-portfolio-square wp-post-image\" alt=\"\" srcset=\"https:\/\/www.chateauletros.fr\/wp-content\/uploads\/2017\/01\/MG_9345-150x150.jpg 150w, https:\/\/www.chateauletros.fr\/wp-content\/uploads\/2017\/01\/MG_9345-550x550.jpg 550w, https:\/\/www.chateauletros.fr\/wp-content\/uploads\/2017\/01\/MG_9345-1000x1000.jpg 1000w\" sizes=\"auto, (max-width: 380px) 69.090909090909vw,(max-width: 500px) 90.909090909091vw,(max-width: 660px) 120vw,(max-width: 800px) 145.45454545455vw,550px\" \/><span class=\"latest_post_overlay\" ><\/span><\/a><\/div><div class=\"latest_post\" ><div class=\"latest_post_text\"><div class=\"latest_post_title_holder\"><h3 class=\"latest_post_title \" ><a href=\"https:\/\/www.chateauletros.fr\/index.php\/2017\/04\/05\/salon-des-vins-de-pontarlier-doubs-les-13-et-14-avril-2024\/\" style = \"\">Salon des vins de Pontarlier &#8211; 18 et 19 avril 2026<\/a><\/h3><\/div><div class=\"post_info_section\" ><\/div><\/div><\/div><\/div><\/li><li class=\"clearfix\"><div class=\"box_padding_border\"><div class=\"boxes_image\"><a href=\"https:\/\/www.chateauletros.fr\/index.php\/2025\/07\/16\/prochaines-portes-ouvertes-le-28-septembre-2025\/\"><img loading=\"lazy\" decoding=\"async\" width=\"389\" height=\"550\" src=\"https:\/\/www.chateauletros.fr\/wp-content\/uploads\/2025\/07\/Flyer-pdf.jpg\" class=\"attachment-portfolio-square size-portfolio-square wp-post-image\" alt=\"\" \/><span class=\"latest_post_overlay\" ><\/span><\/a><\/div><div class=\"latest_post\" ><div class=\"latest_post_text\"><div class=\"latest_post_title_holder\"><h3 class=\"latest_post_title \" ><a href=\"https:\/\/www.chateauletros.fr\/index.php\/2025\/07\/16\/prochaines-portes-ouvertes-le-28-septembre-2025\/\" style = \"\">Portes ouvertes 2025<\/a><\/h3><\/div><div class=\"post_info_section\" ><\/div><\/div><\/div><\/div><\/li><\/ul><\/div>[\/vc_column][\/vc_row]<\/p>\n<\/div>","protected":false},"excerpt":{"rendered":"<p>[vc_row row_type=\u00a0\u00bbrow\u00a0\u00bb use_row_as_full_screen_section=\u00a0\u00bbno\u00a0\u00bb type=\u00a0\u00bbfull_width\u00a0\u00bb text_align=\u00a0\u00bbcenter\u00a0\u00bb padding_top=\u00a0\u00bb20&Prime; padding_bottom=\u00a0\u00bb20&Prime; box_shadow_on_row=\u00a0\u00bbno\u00a0\u00bb oblique_section=\u00a0\u00bbno\u00a0\u00bb oblique_section_top_and_bottom=\u00a0\u00bbboth\u00a0\u00bb oblique_section_position=\u00a0\u00bbfrom_left_to_right\u00a0\u00bb triangle_shape=\u00a0\u00bbno\u00a0\u00bb triangle_shape_position=\u00a0\u00bbboth\u00a0\u00bb floating_direction=\u00a0\u00bbtop-bottom\u00a0\u00bb floating_speed=\u00a0\u00bb3&Prime; zigzag=\u00a0\u00bbyes\u00a0\u00bb floating_randsize=\u00a0\u00bbyes\u00a0\u00bb][vc_column][vc_row_inner row_type=\u00a0\u00bbrow\u00a0\u00bb type=\u00a0\u00bbfull_width\u00a0\u00bb use_row_as_full_screen_section_slide=\u00a0\u00bbno\u00a0\u00bb text_align=\u00a0\u00bbleft\u00a0\u00bb box_shadow_on_row=\u00a0\u00bbno\u00a0\u00bb][vc_column_inner][vc_text_separator title=\u00a0\u00bbViticulteur situ\u00e9 \u00e0 Tizac-de-Curton en appellation Bordeaux.\u00a0\u00bb text_in_box=\u00a0\u00bbno\u00a0\u00bb text_position=\u00a0\u00bbcenter\u00a0\u00bb box_padding=\u00a0\u00bb15&Prime; line_width=\u00a0\u00bb255&Prime; line_thickness=\u00a0\u00bb1&Prime; line_border_style=\u00a0\u00bbsolid\u00a0\u00bb up=\u00a0\u00bb10&Prime; down=\u00a0\u00bb22&Prime; animation=\u00a0\u00bbanimate_width\u00a0\u00bb line_dots=\u00a0\u00bbno\u00a0\u00bb][vc_column_text] Bienvenue au Ch\u00e2teau Le Tros Situ\u00e9&#8230;<\/p>\n","protected":false},"author":2,"featured_media":0,"parent":0,"menu_order":0,"comment_status":"closed","ping_status":"closed","template":"","meta":{"footnotes":""},"class_list":["post-7","page","type-page","status-publish","hentry"],"yoast_head":"<!-- This site is optimized with the Yoast SEO plugin v20.1 - https:\/\/yoast.com\/wordpress\/plugins\/seo\/ -->\n<title>Accueil - Ch\u00e2teau le Tros - Vignobles Jabouin \u00e0 Tizac-de-Curton (33)<\/title>\n<meta name=\"description\" content=\"D\u00e9couvrez le Ch\u00e2teau le Tros - Producteur de vins AOC Bordeaux dans l&#039;Entre-deux-Mers, o\u00f9 passion et savoir-faire se transmettent depuis trois g\u00e9n\u00e9rations.\" \/>\n<meta name=\"robots\" content=\"index, follow, max-snippet:-1, max-image-preview:large, max-video-preview:-1\" \/>\n<link rel=\"canonical\" href=\"https:\/\/www.chateauletros.fr\/\" \/>\n<meta property=\"og:locale\" content=\"fr_FR\" \/>\n<meta property=\"og:type\" content=\"article\" \/>\n<meta property=\"og:title\" content=\"Accueil - Ch\u00e2teau le Tros - Vignobles Jabouin \u00e0 Tizac-de-Curton (33)\" \/>\n<meta property=\"og:description\" content=\"D\u00e9couvrez le Ch\u00e2teau le Tros - Producteur de vins AOC Bordeaux dans l&#039;Entre-deux-Mers, o\u00f9 passion et savoir-faire se transmettent depuis trois g\u00e9n\u00e9rations.\" \/>\n<meta property=\"og:url\" content=\"https:\/\/www.chateauletros.fr\/\" \/>\n<meta property=\"og:site_name\" content=\"Ch\u00e2teau le Tros - Vignobles Jabouin \u00e0 Tizac-de-Curton (33)\" \/>\n<meta property=\"article:modified_time\" content=\"2025-07-25T08:18:16+00:00\" \/>\n<meta name=\"twitter:card\" content=\"summary_large_image\" \/>\n<meta name=\"twitter:label1\" content=\"Dur\u00e9e de lecture estim\u00e9e\" \/>\n\t<meta name=\"twitter:data1\" content=\"3 minutes\" \/>\n<script type=\"application\/ld+json\" class=\"yoast-schema-graph\">{\"@context\":\"https:\/\/schema.org\",\"@graph\":[{\"@type\":\"WebPage\",\"@id\":\"https:\/\/www.chateauletros.fr\/\",\"url\":\"https:\/\/www.chateauletros.fr\/\",\"name\":\"Accueil - Ch\u00e2teau le Tros - Vignobles Jabouin \u00e0 Tizac-de-Curton (33)\",\"isPartOf\":{\"@id\":\"https:\/\/www.chateauletros.fr\/#website\"},\"datePublished\":\"2025-05-07T13:17:57+00:00\",\"dateModified\":\"2025-07-25T08:18:16+00:00\",\"description\":\"D\u00e9couvrez le Ch\u00e2teau le Tros - Producteur de vins AOC Bordeaux dans l'Entre-deux-Mers, o\u00f9 passion et savoir-faire se transmettent depuis trois g\u00e9n\u00e9rations.\",\"breadcrumb\":{\"@id\":\"https:\/\/www.chateauletros.fr\/#breadcrumb\"},\"inLanguage\":\"fr-FR\",\"potentialAction\":[{\"@type\":\"ReadAction\",\"target\":[\"https:\/\/www.chateauletros.fr\/\"]}]},{\"@type\":\"BreadcrumbList\",\"@id\":\"https:\/\/www.chateauletros.fr\/#breadcrumb\",\"itemListElement\":[{\"@type\":\"ListItem\",\"position\":1,\"name\":\"Accueil\",\"item\":\"https:\/\/www.chateauletros.fr\/\"},{\"@type\":\"ListItem\",\"position\":2,\"name\":\"Accueil\"}]},{\"@type\":\"WebSite\",\"@id\":\"https:\/\/www.chateauletros.fr\/#website\",\"url\":\"https:\/\/www.chateauletros.fr\/\",\"name\":\"Ch\u00e2teau le Tros - Vignobles Jabouin \u00e0 Tizac-de-Curton (33)\",\"description\":\"Ch\u00e2teau Le Tros - Quatre g\u00e9n\u00e9rations de passionn\u00e9s au service du vin\",\"potentialAction\":[{\"@type\":\"SearchAction\",\"target\":{\"@type\":\"EntryPoint\",\"urlTemplate\":\"https:\/\/www.chateauletros.fr\/?s={search_term_string}\"},\"query-input\":\"required name=search_term_string\"}],\"inLanguage\":\"fr-FR\"}]}<\/script>\n<!-- \/ Yoast SEO plugin. -->","yoast_head_json":{"title":"Accueil - Ch\u00e2teau le Tros - Vignobles Jabouin \u00e0 Tizac-de-Curton (33)","description":"D\u00e9couvrez le Ch\u00e2teau le Tros - Producteur de vins AOC Bordeaux dans l'Entre-deux-Mers, o\u00f9 passion et savoir-faire se transmettent depuis trois g\u00e9n\u00e9rations.","robots":{"index":"index","follow":"follow","max-snippet":"max-snippet:-1","max-image-preview":"max-image-preview:large","max-video-preview":"max-video-preview:-1"},"canonical":"https:\/\/www.chateauletros.fr\/","og_locale":"fr_FR","og_type":"article","og_title":"Accueil - Ch\u00e2teau le Tros - Vignobles Jabouin \u00e0 Tizac-de-Curton (33)","og_description":"D\u00e9couvrez le Ch\u00e2teau le Tros - Producteur de vins AOC Bordeaux dans l'Entre-deux-Mers, o\u00f9 passion et savoir-faire se transmettent depuis trois g\u00e9n\u00e9rations.","og_url":"https:\/\/www.chateauletros.fr\/","og_site_name":"Ch\u00e2teau le Tros - Vignobles Jabouin \u00e0 Tizac-de-Curton (33)","article_modified_time":"2025-07-25T08:18:16+00:00","twitter_card":"summary_large_image","twitter_misc":{"Dur\u00e9e de lecture estim\u00e9e":"3 minutes"},"schema":{"@context":"https:\/\/schema.org","@graph":[{"@type":"WebPage","@id":"https:\/\/www.chateauletros.fr\/","url":"https:\/\/www.chateauletros.fr\/","name":"Accueil - Ch\u00e2teau le Tros - Vignobles Jabouin \u00e0 Tizac-de-Curton (33)","isPartOf":{"@id":"https:\/\/www.chateauletros.fr\/#website"},"datePublished":"2025-05-07T13:17:57+00:00","dateModified":"2025-07-25T08:18:16+00:00","description":"D\u00e9couvrez le Ch\u00e2teau le Tros - Producteur de vins AOC Bordeaux dans l'Entre-deux-Mers, o\u00f9 passion et savoir-faire se transmettent depuis trois g\u00e9n\u00e9rations.","breadcrumb":{"@id":"https:\/\/www.chateauletros.fr\/#breadcrumb"},"inLanguage":"fr-FR","potentialAction":[{"@type":"ReadAction","target":["https:\/\/www.chateauletros.fr\/"]}]},{"@type":"BreadcrumbList","@id":"https:\/\/www.chateauletros.fr\/#breadcrumb","itemListElement":[{"@type":"ListItem","position":1,"name":"Accueil","item":"https:\/\/www.chateauletros.fr\/"},{"@type":"ListItem","position":2,"name":"Accueil"}]},{"@type":"WebSite","@id":"https:\/\/www.chateauletros.fr\/#website","url":"https:\/\/www.chateauletros.fr\/","name":"Ch\u00e2teau le Tros - Vignobles Jabouin \u00e0 Tizac-de-Curton (33)","description":"Ch\u00e2teau Le Tros - Quatre g\u00e9n\u00e9rations de passionn\u00e9s au service du vin","potentialAction":[{"@type":"SearchAction","target":{"@type":"EntryPoint","urlTemplate":"https:\/\/www.chateauletros.fr\/?s={search_term_string}"},"query-input":"required name=search_term_string"}],"inLanguage":"fr-FR"}]}},"_links":{"self":[{"href":"https:\/\/www.chateauletros.fr\/index.php\/wp-json\/wp\/v2\/pages\/7","targetHints":{"allow":["GET"]}}],"collection":[{"href":"https:\/\/www.chateauletros.fr\/index.php\/wp-json\/wp\/v2\/pages"}],"about":[{"href":"https:\/\/www.chateauletros.fr\/index.php\/wp-json\/wp\/v2\/types\/page"}],"author":[{"embeddable":true,"href":"https:\/\/www.chateauletros.fr\/index.php\/wp-json\/wp\/v2\/users\/2"}],"replies":[{"embeddable":true,"href":"https:\/\/www.chateauletros.fr\/index.php\/wp-json\/wp\/v2\/comments?post=7"}],"version-history":[{"count":5,"href":"https:\/\/www.chateauletros.fr\/index.php\/wp-json\/wp\/v2\/pages\/7\/revisions"}],"predecessor-version":[{"id":11394,"href":"https:\/\/www.chateauletros.fr\/index.php\/wp-json\/wp\/v2\/pages\/7\/revisions\/11394"}],"wp:attachment":[{"href":"https:\/\/www.chateauletros.fr\/index.php\/wp-json\/wp\/v2\/media?parent=7"}],"curies":[{"name":"wp","href":"https:\/\/api.w.org\/{rel}","templated":true}]}}