{"id":11328,"date":"2025-06-24T15:05:13","date_gmt":"2025-06-24T13:05:13","guid":{"rendered":"https:\/\/www.chateauletros.fr\/?page_id=11328"},"modified":"2025-06-24T16:11:45","modified_gmt":"2025-06-24T14:11:45","slug":"visites-et-degustations","status":"publish","type":"page","link":"https:\/\/www.chateauletros.fr\/index.php\/visites-et-degustations\/","title":{"rendered":"Visites et D\u00e9gustations"},"content":{"rendered":"\n<p class=\"has-text-align-center\"><em>Venez d\u00e9couvrir notre domaine \u00e0 travers nos exp\u00e9riences oenotouristiques <\/em>!<\/p>\n\n\n\n<div style=\"height:61px\" aria-hidden=\"true\" class=\"wp-block-spacer\"><\/div>\n\n\n\n<div class=\"wp-block-group\"><div class=\"wp-block-group__inner-container is-layout-constrained wp-block-group-is-layout-constrained\">\n<h2 class=\"has-text-align-center wp-block-heading\">Visitez le Ch\u00e2teau Le Tros<\/h2>\n\n\n\n<div style=\"height:42px\" aria-hidden=\"true\" class=\"wp-block-spacer\"><\/div>\n\n\n\n<p class=\"has-text-align-center\"><strong>Un domaine familial o\u00f9 se m\u00ealent savoir-faire, passion et cr\u00e9ativit\u00e9<\/strong> \ud83c\udf77<\/p>\n\n\n\n<div style=\"height:9px\" aria-hidden=\"true\" class=\"wp-block-spacer\"><\/div>\n\n\n\n<p class=\"has-text-align-center\">\u00c0 deux pas de Saint-\u00c9milion, le Ch\u00e2teau Le Tros vous accueille pour une d\u00e9couverte authentique d\u2019un domaine familial, o\u00f9 chaque vin refl\u00e8te notre personnalit\u00e9 et notre envie d\u2019innover.<\/p>\n\n\n\n<div style=\"height:8px\" aria-hidden=\"true\" class=\"wp-block-spacer\"><\/div>\n\n\n\n<p class=\"has-text-align-center\">Ici, on aime faire du vin avec s\u00e9rieux, mais sans jamais perdre ce qui nous anime : la passion, l\u2019envie de transmettre, et surtout, le plaisir de cr\u00e9er des cuv\u00e9es audacieuses, sinc\u00e8res, \u00e0 notre image. Autodidactes pour certains, techniciens curieux pour d&rsquo;autres, on explore les possibilit\u00e9s qu\u2019offre notre terroir avec exigence, mais aussi avec libert\u00e9.<\/p>\n\n\n\n<div style=\"height:11px\" aria-hidden=\"true\" class=\"wp-block-spacer\"><\/div>\n\n\n\n<p class=\"has-text-align-center\">R\u00e9servez l\u2019une de nos trois formules de visite et plongez dans l\u2019univers vivant, curieux et chaleureux du Ch\u00e2teau Le Tros.<\/p>\n<\/div><\/div>\n\n\n\n<div style=\"height:69px\" aria-hidden=\"true\" class=\"wp-block-spacer\"><\/div>\n\n\n\n<div id=\"winalist-widget-min83uvvbpf\" class=\"winalist-widget\" data-locale=\"fr_FR\" data-host-id=\"2922\" data-host-slug=\"chateau-le-tros\" data-host-name=\"Ch\u00e2teau Le Tros\">\n    <a href=\"https:\/\/www.winalist.fr\/hosts\/2922\/chateau-le-tros\" target=\"_blank\" rel=\"noopener\">Voir Ch\u00e2teau Le Tros sur Winalist<\/a>\n    <img decoding=\"async\" src=\"https:\/\/cdn.winalist.com\/img\/assets\/logo_only.png\">\n  <\/div>\n  <script type=\"application\/javascript\">\n      var winalistWidget = document.getElementById('winalist-widget-min83uvvbpf');\n      var i = document.createElement(\"iframe\");\n      i.style.width = \"100%\";\n      i.style.height = \"500px\";\n      i.style.minHeight = \"500px\";\n      i.style.border = \"none\";\n      i.setAttribute(\"src\", \"https:\/\/www.winalist.fr\/embed\/9938976f870ba4099ae8?layout=grid&locale=fr_FR\");\n      i.setAttribute(\"allow\", \"payment\");\n      if(winalistWidget) winalistWidget.appendChild(i);\n  <\/script>\n  <script type=\"application\/javascript\" src=\"https:\/\/www.winalist.com\/widget\/widget-config.js\"><\/script>\n\n\n\n<div style=\"height:100px\" aria-hidden=\"true\" class=\"wp-block-spacer\"><\/div>\n","protected":false},"excerpt":{"rendered":"<p>Venez d\u00e9couvrir notre domaine \u00e0 travers nos exp\u00e9riences oenotouristiques ! Visitez le Ch\u00e2teau Le Tros Un domaine familial o\u00f9 se m\u00ealent savoir-faire, passion et cr\u00e9ativit\u00e9 \ud83c\udf77 \u00c0 deux pas de Saint-\u00c9milion, le Ch\u00e2teau Le Tros vous accueille pour une d\u00e9couverte authentique d\u2019un domaine familial, o\u00f9&#8230;<\/p>\n","protected":false},"author":2,"featured_media":0,"parent":0,"menu_order":0,"comment_status":"closed","ping_status":"closed","template":"","meta":{"footnotes":""},"class_list":["post-11328","page","type-page","status-publish","hentry"],"yoast_head":"<!-- This site is optimized with the Yoast SEO plugin v20.1 - https:\/\/yoast.com\/wordpress\/plugins\/seo\/ -->\n<title>Visites et D\u00e9gustations - Ch\u00e2teau le Tros - Vignobles Jabouin \u00e0 Tizac-de-Curton (33)<\/title>\n<meta name=\"description\" content=\"Venez d\u00e9couvrir notre domaine familiale en r\u00e9servant votre visite !\" \/>\n<meta name=\"robots\" content=\"index, follow, max-snippet:-1, max-image-preview:large, max-video-preview:-1\" \/>\n<link rel=\"canonical\" href=\"https:\/\/www.chateauletros.fr\/index.php\/visites-et-degustations\/\" \/>\n<meta property=\"og:locale\" content=\"fr_FR\" \/>\n<meta property=\"og:type\" content=\"article\" \/>\n<meta property=\"og:title\" content=\"Visites et D\u00e9gustations - Ch\u00e2teau le Tros - Vignobles Jabouin \u00e0 Tizac-de-Curton (33)\" \/>\n<meta property=\"og:description\" content=\"Venez d\u00e9couvrir notre domaine familiale en r\u00e9servant votre visite !\" \/>\n<meta property=\"og:url\" content=\"https:\/\/www.chateauletros.fr\/index.php\/visites-et-degustations\/\" \/>\n<meta property=\"og:site_name\" content=\"Ch\u00e2teau le Tros - Vignobles Jabouin \u00e0 Tizac-de-Curton (33)\" \/>\n<meta property=\"article:modified_time\" content=\"2025-06-24T14:11:45+00:00\" \/>\n<meta property=\"og:image\" content=\"https:\/\/cdn.winalist.com\/img\/assets\/logo_only.png\" \/>\n<meta name=\"twitter:card\" content=\"summary_large_image\" \/>\n<meta name=\"twitter:label1\" content=\"Dur\u00e9e de lecture estim\u00e9e\" \/>\n\t<meta name=\"twitter:data1\" content=\"2 minutes\" \/>\n<script type=\"application\/ld+json\" class=\"yoast-schema-graph\">{\"@context\":\"https:\/\/schema.org\",\"@graph\":[{\"@type\":\"WebPage\",\"@id\":\"https:\/\/www.chateauletros.fr\/index.php\/visites-et-degustations\/\",\"url\":\"https:\/\/www.chateauletros.fr\/index.php\/visites-et-degustations\/\",\"name\":\"Visites et D\u00e9gustations - Ch\u00e2teau le Tros - Vignobles Jabouin \u00e0 Tizac-de-Curton (33)\",\"isPartOf\":{\"@id\":\"https:\/\/www.chateauletros.fr\/#website\"},\"datePublished\":\"2025-06-24T13:05:13+00:00\",\"dateModified\":\"2025-06-24T14:11:45+00:00\",\"description\":\"Venez d\u00e9couvrir notre domaine familiale en r\u00e9servant votre visite !\",\"breadcrumb\":{\"@id\":\"https:\/\/www.chateauletros.fr\/index.php\/visites-et-degustations\/#breadcrumb\"},\"inLanguage\":\"fr-FR\",\"potentialAction\":[{\"@type\":\"ReadAction\",\"target\":[\"https:\/\/www.chateauletros.fr\/index.php\/visites-et-degustations\/\"]}]},{\"@type\":\"BreadcrumbList\",\"@id\":\"https:\/\/www.chateauletros.fr\/index.php\/visites-et-degustations\/#breadcrumb\",\"itemListElement\":[{\"@type\":\"ListItem\",\"position\":1,\"name\":\"Accueil\",\"item\":\"https:\/\/www.chateauletros.fr\/\"},{\"@type\":\"ListItem\",\"position\":2,\"name\":\"Visites et D\u00e9gustations\"}]},{\"@type\":\"WebSite\",\"@id\":\"https:\/\/www.chateauletros.fr\/#website\",\"url\":\"https:\/\/www.chateauletros.fr\/\",\"name\":\"Ch\u00e2teau le Tros - Vignobles Jabouin \u00e0 Tizac-de-Curton (33)\",\"description\":\"Ch\u00e2teau Le Tros - Quatre g\u00e9n\u00e9rations de passionn\u00e9s au service du vin\",\"potentialAction\":[{\"@type\":\"SearchAction\",\"target\":{\"@type\":\"EntryPoint\",\"urlTemplate\":\"https:\/\/www.chateauletros.fr\/?s={search_term_string}\"},\"query-input\":\"required name=search_term_string\"}],\"inLanguage\":\"fr-FR\"}]}<\/script>\n<!-- \/ Yoast SEO plugin. -->","yoast_head_json":{"title":"Visites et D\u00e9gustations - Ch\u00e2teau le Tros - Vignobles Jabouin \u00e0 Tizac-de-Curton (33)","description":"Venez d\u00e9couvrir notre domaine familiale en r\u00e9servant votre visite !","robots":{"index":"index","follow":"follow","max-snippet":"max-snippet:-1","max-image-preview":"max-image-preview:large","max-video-preview":"max-video-preview:-1"},"canonical":"https:\/\/www.chateauletros.fr\/index.php\/visites-et-degustations\/","og_locale":"fr_FR","og_type":"article","og_title":"Visites et D\u00e9gustations - Ch\u00e2teau le Tros - Vignobles Jabouin \u00e0 Tizac-de-Curton (33)","og_description":"Venez d\u00e9couvrir notre domaine familiale en r\u00e9servant votre visite !","og_url":"https:\/\/www.chateauletros.fr\/index.php\/visites-et-degustations\/","og_site_name":"Ch\u00e2teau le Tros - Vignobles Jabouin \u00e0 Tizac-de-Curton (33)","article_modified_time":"2025-06-24T14:11:45+00:00","og_image":[{"url":"https:\/\/cdn.winalist.com\/img\/assets\/logo_only.png"}],"twitter_card":"summary_large_image","twitter_misc":{"Dur\u00e9e de lecture estim\u00e9e":"2 minutes"},"schema":{"@context":"https:\/\/schema.org","@graph":[{"@type":"WebPage","@id":"https:\/\/www.chateauletros.fr\/index.php\/visites-et-degustations\/","url":"https:\/\/www.chateauletros.fr\/index.php\/visites-et-degustations\/","name":"Visites et D\u00e9gustations - Ch\u00e2teau le Tros - Vignobles Jabouin \u00e0 Tizac-de-Curton (33)","isPartOf":{"@id":"https:\/\/www.chateauletros.fr\/#website"},"datePublished":"2025-06-24T13:05:13+00:00","dateModified":"2025-06-24T14:11:45+00:00","description":"Venez d\u00e9couvrir notre domaine familiale en r\u00e9servant votre visite !","breadcrumb":{"@id":"https:\/\/www.chateauletros.fr\/index.php\/visites-et-degustations\/#breadcrumb"},"inLanguage":"fr-FR","potentialAction":[{"@type":"ReadAction","target":["https:\/\/www.chateauletros.fr\/index.php\/visites-et-degustations\/"]}]},{"@type":"BreadcrumbList","@id":"https:\/\/www.chateauletros.fr\/index.php\/visites-et-degustations\/#breadcrumb","itemListElement":[{"@type":"ListItem","position":1,"name":"Accueil","item":"https:\/\/www.chateauletros.fr\/"},{"@type":"ListItem","position":2,"name":"Visites et D\u00e9gustations"}]},{"@type":"WebSite","@id":"https:\/\/www.chateauletros.fr\/#website","url":"https:\/\/www.chateauletros.fr\/","name":"Ch\u00e2teau le Tros - Vignobles Jabouin \u00e0 Tizac-de-Curton (33)","description":"Ch\u00e2teau Le Tros - Quatre g\u00e9n\u00e9rations de passionn\u00e9s au service du vin","potentialAction":[{"@type":"SearchAction","target":{"@type":"EntryPoint","urlTemplate":"https:\/\/www.chateauletros.fr\/?s={search_term_string}"},"query-input":"required name=search_term_string"}],"inLanguage":"fr-FR"}]}},"_links":{"self":[{"href":"https:\/\/www.chateauletros.fr\/index.php\/wp-json\/wp\/v2\/pages\/11328","targetHints":{"allow":["GET"]}}],"collection":[{"href":"https:\/\/www.chateauletros.fr\/index.php\/wp-json\/wp\/v2\/pages"}],"about":[{"href":"https:\/\/www.chateauletros.fr\/index.php\/wp-json\/wp\/v2\/types\/page"}],"author":[{"embeddable":true,"href":"https:\/\/www.chateauletros.fr\/index.php\/wp-json\/wp\/v2\/users\/2"}],"replies":[{"embeddable":true,"href":"https:\/\/www.chateauletros.fr\/index.php\/wp-json\/wp\/v2\/comments?post=11328"}],"version-history":[{"count":4,"href":"https:\/\/www.chateauletros.fr\/index.php\/wp-json\/wp\/v2\/pages\/11328\/revisions"}],"predecessor-version":[{"id":11338,"href":"https:\/\/www.chateauletros.fr\/index.php\/wp-json\/wp\/v2\/pages\/11328\/revisions\/11338"}],"wp:attachment":[{"href":"https:\/\/www.chateauletros.fr\/index.php\/wp-json\/wp\/v2\/media?parent=11328"}],"curies":[{"name":"wp","href":"https:\/\/api.w.org\/{rel}","templated":true}]}}