{"id":10641,"date":"2016-10-27T09:40:13","date_gmt":"2016-10-27T07:40:13","guid":{"rendered":"http:\/\/chateauletros.fr\/?page_id=10641"},"modified":"2023-03-06T13:12:32","modified_gmt":"2023-03-06T12:12:32","slug":"dernier-carat","status":"publish","type":"page","link":"https:\/\/www.chateauletros.fr\/index.php\/dernier-carat\/","title":{"rendered":"Dernier Carat"},"content":{"rendered":"<div class=\"wpb-content-wrapper\"><p>[vc_row row_type=\u00a0\u00bbrow\u00a0\u00bb use_row_as_full_screen_section=\u00a0\u00bbno\u00a0\u00bb type=\u00a0\u00bbgrid\u00a0\u00bb text_align=\u00a0\u00bbleft\u00a0\u00bb padding_top=\u00a0\u00bb21&Prime; padding_bottom=\u00a0\u00bb14&Prime; box_shadow_on_row=\u00a0\u00bbno\u00a0\u00bb floating_direction=\u00a0\u00bbtop-bottom\u00a0\u00bb floating_speed=\u00a0\u00bb3&Prime; zigzag=\u00a0\u00bbyes\u00a0\u00bb floating_randsize=\u00a0\u00bbyes\u00a0\u00bb][vc_column]<div class=\"custom_font_holder\" style=\"font-family: Playfair Display; font-size: 33px; line-height: 45px; font-style: normal; font-weight: 400; color: #ffffff; text-decoration: none; letter-spacing: 0px;; text-transform: capitalize; text-align: center\" data-font-size=33 data-line-height=45 ><div  ><strong>Dernier Carat<\/strong><\/div><\/div>[vc_text_separator title=\u00a0\u00bbAPPELLATION BORDEAUX MOELLEUX\u00a0\u00bb text_in_box=\u00a0\u00bbno\u00a0\u00bb text_position=\u00a0\u00bbcenter\u00a0\u00bb box_padding=\u00a0\u00bb15&Prime; line_width=\u00a0\u00bb255&Prime; line_thickness=\u00a0\u00bb1&Prime; line_border_style=\u00a0\u00bbsolid\u00a0\u00bb up=\u00a0\u00bb9&Prime; down=\u00a0\u00bb6&Prime; animation=\u00a0\u00bbanimate_width\u00a0\u00bb line_dots=\u00a0\u00bbno\u00a0\u00bb][vc_empty_space height=\u00a0\u00bb20px\u00a0\u00bb image_repeat=\u00a0\u00bbno-repeat\u00a0\u00bb][\/vc_column][\/vc_row][vc_row row_type=\u00a0\u00bbrow\u00a0\u00bb use_row_as_full_screen_section=\u00a0\u00bbno\u00a0\u00bb type=\u00a0\u00bbgrid\u00a0\u00bb text_align=\u00a0\u00bbleft\u00a0\u00bb padding_top=\u00a0\u00bb21&Prime; padding_bottom=\u00a0\u00bb14&Prime; box_shadow_on_row=\u00a0\u00bbno\u00a0\u00bb floating_direction=\u00a0\u00bbtop-bottom\u00a0\u00bb floating_speed=\u00a0\u00bb3&Prime; zigzag=\u00a0\u00bbyes\u00a0\u00bb floating_randsize=\u00a0\u00bbyes\u00a0\u00bb][vc_column width=\u00a0\u00bb5\/12&Prime;][vc_single_image image=\u00a0\u00bb11134&Prime; img_size=\u00a0\u00bbfull\u00a0\u00bb alignment=\u00a0\u00bbcenter\u00a0\u00bb hover_animation=\u00a0\u00bbno\u00a0\u00bb edgt_css_animation=\u00a0\u00bbelement_from_left\u00a0\u00bb][\/vc_column][vc_column width=\u00a0\u00bb7\/12&Prime;]<div class=\"custom_font_holder\" style=\"font-family: Playfair Display; font-size: 33px; line-height: 45px; font-style: normal; font-weight: 400; color: #ffffff; text-decoration: none; letter-spacing: 0px;; text-transform: capitalize; text-align: left\" data-font-size=33 data-line-height=45 ><div  ><strong><img loading=\"lazy\" decoding=\"async\" class=\"alignnone wp-image-10988\" src=\"http:\/\/chateauletros.fr\/wp-content\/uploads\/2016\/10\/grappe-en-hauteur-blanche.png\" width=\"30\" height=\"49\" \/><\/strong>\u00a0 Informations Techniques<\/div><\/div>[vc_empty_space height=\u00a0\u00bb18px\u00a0\u00bb image_repeat=\u00a0\u00bbno-repeat\u00a0\u00bb][vc_column_text]<strong>Production: <\/strong>1800 bouteilles de 50 cl<\/p>\n<p><strong>C\u00e9pages: <\/strong>Sauvignon gris 100%<\/p>\n<p><strong>Type de sol: <\/strong>Plateau argilo-calcaire<\/p>\n<p><strong>Densit\u00e9 de plantation:\u00a0<\/strong>4000 pieds\/ha<\/p>\n<p><strong>Age de la parcelle:\u00a0<\/strong>10 ans<\/p>\n<p><strong>Vendanges: <\/strong>2 passages manuels<\/p>\n<p><strong>Fermentation\u00a0et \u00e9levage: <\/strong>En barriques bordelaises neuves<\/p>\n<p><strong>\u0152nologue<\/strong>: Denis GALABERT<\/p>\n<p><strong>Pr\u00e9sentation et d\u00e9gustation\u00a0:\u00a0<\/strong><\/p>\n<p>D\u00e9j\u00e0 r\u00e9put\u00e9 avant m\u00eame d\u2019\u00eatre d\u00e9gust\u00e9, le mill\u00e9sime 2015, dans l\u2019ensemble du vignoble bordelais n\u2019a pas fini de faire parler de lui. Il nous semblait donc incontournable comme toute ann\u00e9e exceptionnelle de marquer le coup et donc de cr\u00e9er cette nouvelle cuv\u00e9e de vin rare appel\u00e9e \u00ab\u00a0Dernier carat\u00a0\u00bb.<\/p>\n<p>Ce vin vous s\u00e9duira par son attaque tr\u00e8s gourmande aux notes de miel, abricot confit. Il continuera \u00e0 \u00e9veiller vos sens avec une finale pleine de fraicheur. De nombreuses Caudalies vous permettront d\u2019appr\u00e9cier longuement ce vin en bouche. A d\u00e9guster traditionnellement sur une terrine de foie gras de canard, ou plus originalement sur un fromage type \u00ab\u00a0bleu des basques\u00a0\u00bb.[\/vc_column_text][vc_empty_space height=\u00a0\u00bb20px\u00a0\u00bb image_repeat=\u00a0\u00bbno-repeat\u00a0\u00bb]<a href=\"https:\/\/www.chateauletros.fr\/wp-content\/uploads\/2016\/10\/fiche-technique-chateau-le-tros-dernier-carat-web.pdf\" target=\"_blank\" data-hover-background-color=#2222222 data-hover-color=#ffffff data-icon-hover-color=#ffffff  class=\"qbutton  large qbutton_with_icon icon_left\" style=\"font-size: 16px; font-family: PLayfair display;line-height: 20px; height: 20px; font-style: normal; font-weight: 400; text-transform: capitalize; padding: 0 0px; background-color: #222222;\"><i class=\"edgt_icon_font_awesome fa fa-file-pdf-o button_icon\" style=\"color: #b48360;width: inherit; \" ><\/i>Fiche Technique du Vin<\/a>[vc_empty_space image_repeat=\u00a0\u00bbno-repeat\u00a0\u00bb][\/vc_column][\/vc_row]<\/p>\n<\/div>","protected":false},"excerpt":{"rendered":"<p>[vc_row row_type=\u00a0\u00bbrow\u00a0\u00bb use_row_as_full_screen_section=\u00a0\u00bbno\u00a0\u00bb type=\u00a0\u00bbgrid\u00a0\u00bb text_align=\u00a0\u00bbleft\u00a0\u00bb padding_top=\u00a0\u00bb21&Prime; padding_bottom=\u00a0\u00bb14&Prime; box_shadow_on_row=\u00a0\u00bbno\u00a0\u00bb floating_direction=\u00a0\u00bbtop-bottom\u00a0\u00bb floating_speed=\u00a0\u00bb3&Prime; zigzag=\u00a0\u00bbyes\u00a0\u00bb floating_randsize=\u00a0\u00bbyes\u00a0\u00bb][vc_column][vc_text_separator title=\u00a0\u00bbAPPELLATION BORDEAUX MOELLEUX\u00a0\u00bb text_in_box=\u00a0\u00bbno\u00a0\u00bb text_position=\u00a0\u00bbcenter\u00a0\u00bb box_padding=\u00a0\u00bb15&Prime; line_width=\u00a0\u00bb255&Prime; line_thickness=\u00a0\u00bb1&Prime; line_border_style=\u00a0\u00bbsolid\u00a0\u00bb up=\u00a0\u00bb9&Prime; down=\u00a0\u00bb6&Prime; animation=\u00a0\u00bbanimate_width\u00a0\u00bb line_dots=\u00a0\u00bbno\u00a0\u00bb][vc_empty_space height=\u00a0\u00bb20px\u00a0\u00bb image_repeat=\u00a0\u00bbno-repeat\u00a0\u00bb][\/vc_column][\/vc_row][vc_row row_type=\u00a0\u00bbrow\u00a0\u00bb use_row_as_full_screen_section=\u00a0\u00bbno\u00a0\u00bb type=\u00a0\u00bbgrid\u00a0\u00bb text_align=\u00a0\u00bbleft\u00a0\u00bb padding_top=\u00a0\u00bb21&Prime; padding_bottom=\u00a0\u00bb14&Prime; box_shadow_on_row=\u00a0\u00bbno\u00a0\u00bb floating_direction=\u00a0\u00bbtop-bottom\u00a0\u00bb floating_speed=\u00a0\u00bb3&Prime; zigzag=\u00a0\u00bbyes\u00a0\u00bb floating_randsize=\u00a0\u00bbyes\u00a0\u00bb][vc_column width=\u00a0\u00bb5\/12&Prime;][vc_single_image image=\u00a0\u00bb11134&Prime; img_size=\u00a0\u00bbfull\u00a0\u00bb alignment=\u00a0\u00bbcenter\u00a0\u00bb hover_animation=\u00a0\u00bbno\u00a0\u00bb edgt_css_animation=\u00a0\u00bbelement_from_left\u00a0\u00bb][\/vc_column][vc_column width=\u00a0\u00bb7\/12&Prime;][vc_empty_space&#8230;<\/p>\n","protected":false},"author":1,"featured_media":0,"parent":0,"menu_order":0,"comment_status":"closed","ping_status":"closed","template":"","meta":{"footnotes":""},"class_list":["post-10641","page","type-page","status-publish","hentry"],"yoast_head":"<!-- This site is optimized with the Yoast SEO plugin v20.1 - https:\/\/yoast.com\/wordpress\/plugins\/seo\/ -->\n<title>Dernier Carat - Ch\u00e2teau le Tros - Vignobles Jabouin \u00e0 Tizac-de-Curton (33)<\/title>\n<meta name=\"description\" content=\"Le ch\u00e2teau le Tros vous pr\u00e9sente son vin d&#039;appellation Bordeaux Moelleux. Ce vin vous s\u00e9duira par son attaque tr\u00e8s gourmande aux notes de miel, abricot confit.\" \/>\n<meta name=\"robots\" content=\"index, follow, max-snippet:-1, max-image-preview:large, max-video-preview:-1\" \/>\n<link rel=\"canonical\" href=\"https:\/\/www.chateauletros.fr\/index.php\/dernier-carat\/\" \/>\n<meta property=\"og:locale\" content=\"fr_FR\" \/>\n<meta property=\"og:type\" content=\"article\" \/>\n<meta property=\"og:title\" content=\"Dernier Carat - Ch\u00e2teau le Tros - Vignobles Jabouin \u00e0 Tizac-de-Curton (33)\" \/>\n<meta property=\"og:description\" content=\"Le ch\u00e2teau le Tros vous pr\u00e9sente son vin d&#039;appellation Bordeaux Moelleux. Ce vin vous s\u00e9duira par son attaque tr\u00e8s gourmande aux notes de miel, abricot confit.\" \/>\n<meta property=\"og:url\" content=\"https:\/\/www.chateauletros.fr\/index.php\/dernier-carat\/\" \/>\n<meta property=\"og:site_name\" content=\"Ch\u00e2teau le Tros - Vignobles Jabouin \u00e0 Tizac-de-Curton (33)\" \/>\n<meta property=\"article:modified_time\" content=\"2023-03-06T12:12:32+00:00\" \/>\n<meta property=\"og:image\" content=\"http:\/\/chateauletros.fr\/wp-content\/uploads\/2016\/10\/grappe-en-hauteur-blanche.png\" \/>\n<meta name=\"twitter:card\" content=\"summary_large_image\" \/>\n<meta name=\"twitter:label1\" content=\"Dur\u00e9e de lecture estim\u00e9e\" \/>\n\t<meta name=\"twitter:data1\" content=\"2 minutes\" \/>\n<script type=\"application\/ld+json\" class=\"yoast-schema-graph\">{\"@context\":\"https:\/\/schema.org\",\"@graph\":[{\"@type\":\"WebPage\",\"@id\":\"https:\/\/www.chateauletros.fr\/index.php\/dernier-carat\/\",\"url\":\"https:\/\/www.chateauletros.fr\/index.php\/dernier-carat\/\",\"name\":\"Dernier Carat - Ch\u00e2teau le Tros - Vignobles Jabouin \u00e0 Tizac-de-Curton (33)\",\"isPartOf\":{\"@id\":\"https:\/\/www.chateauletros.fr\/#website\"},\"datePublished\":\"2016-10-27T07:40:13+00:00\",\"dateModified\":\"2023-03-06T12:12:32+00:00\",\"description\":\"Le ch\u00e2teau le Tros vous pr\u00e9sente son vin d'appellation Bordeaux Moelleux. Ce vin vous s\u00e9duira par son attaque tr\u00e8s gourmande aux notes de miel, abricot confit.\",\"breadcrumb\":{\"@id\":\"https:\/\/www.chateauletros.fr\/index.php\/dernier-carat\/#breadcrumb\"},\"inLanguage\":\"fr-FR\",\"potentialAction\":[{\"@type\":\"ReadAction\",\"target\":[\"https:\/\/www.chateauletros.fr\/index.php\/dernier-carat\/\"]}]},{\"@type\":\"BreadcrumbList\",\"@id\":\"https:\/\/www.chateauletros.fr\/index.php\/dernier-carat\/#breadcrumb\",\"itemListElement\":[{\"@type\":\"ListItem\",\"position\":1,\"name\":\"Accueil\",\"item\":\"https:\/\/www.chateauletros.fr\/\"},{\"@type\":\"ListItem\",\"position\":2,\"name\":\"Dernier Carat\"}]},{\"@type\":\"WebSite\",\"@id\":\"https:\/\/www.chateauletros.fr\/#website\",\"url\":\"https:\/\/www.chateauletros.fr\/\",\"name\":\"Ch\u00e2teau le Tros - Vignobles Jabouin \u00e0 Tizac-de-Curton (33)\",\"description\":\"Ch\u00e2teau Le Tros - Quatre g\u00e9n\u00e9rations de passionn\u00e9s au service du vin\",\"potentialAction\":[{\"@type\":\"SearchAction\",\"target\":{\"@type\":\"EntryPoint\",\"urlTemplate\":\"https:\/\/www.chateauletros.fr\/?s={search_term_string}\"},\"query-input\":\"required name=search_term_string\"}],\"inLanguage\":\"fr-FR\"}]}<\/script>\n<!-- \/ Yoast SEO plugin. -->","yoast_head_json":{"title":"Dernier Carat - Ch\u00e2teau le Tros - Vignobles Jabouin \u00e0 Tizac-de-Curton (33)","description":"Le ch\u00e2teau le Tros vous pr\u00e9sente son vin d'appellation Bordeaux Moelleux. Ce vin vous s\u00e9duira par son attaque tr\u00e8s gourmande aux notes de miel, abricot confit.","robots":{"index":"index","follow":"follow","max-snippet":"max-snippet:-1","max-image-preview":"max-image-preview:large","max-video-preview":"max-video-preview:-1"},"canonical":"https:\/\/www.chateauletros.fr\/index.php\/dernier-carat\/","og_locale":"fr_FR","og_type":"article","og_title":"Dernier Carat - Ch\u00e2teau le Tros - Vignobles Jabouin \u00e0 Tizac-de-Curton (33)","og_description":"Le ch\u00e2teau le Tros vous pr\u00e9sente son vin d'appellation Bordeaux Moelleux. Ce vin vous s\u00e9duira par son attaque tr\u00e8s gourmande aux notes de miel, abricot confit.","og_url":"https:\/\/www.chateauletros.fr\/index.php\/dernier-carat\/","og_site_name":"Ch\u00e2teau le Tros - Vignobles Jabouin \u00e0 Tizac-de-Curton (33)","article_modified_time":"2023-03-06T12:12:32+00:00","og_image":[{"url":"http:\/\/chateauletros.fr\/wp-content\/uploads\/2016\/10\/grappe-en-hauteur-blanche.png"}],"twitter_card":"summary_large_image","twitter_misc":{"Dur\u00e9e de lecture estim\u00e9e":"2 minutes"},"schema":{"@context":"https:\/\/schema.org","@graph":[{"@type":"WebPage","@id":"https:\/\/www.chateauletros.fr\/index.php\/dernier-carat\/","url":"https:\/\/www.chateauletros.fr\/index.php\/dernier-carat\/","name":"Dernier Carat - Ch\u00e2teau le Tros - Vignobles Jabouin \u00e0 Tizac-de-Curton (33)","isPartOf":{"@id":"https:\/\/www.chateauletros.fr\/#website"},"datePublished":"2016-10-27T07:40:13+00:00","dateModified":"2023-03-06T12:12:32+00:00","description":"Le ch\u00e2teau le Tros vous pr\u00e9sente son vin d'appellation Bordeaux Moelleux. Ce vin vous s\u00e9duira par son attaque tr\u00e8s gourmande aux notes de miel, abricot confit.","breadcrumb":{"@id":"https:\/\/www.chateauletros.fr\/index.php\/dernier-carat\/#breadcrumb"},"inLanguage":"fr-FR","potentialAction":[{"@type":"ReadAction","target":["https:\/\/www.chateauletros.fr\/index.php\/dernier-carat\/"]}]},{"@type":"BreadcrumbList","@id":"https:\/\/www.chateauletros.fr\/index.php\/dernier-carat\/#breadcrumb","itemListElement":[{"@type":"ListItem","position":1,"name":"Accueil","item":"https:\/\/www.chateauletros.fr\/"},{"@type":"ListItem","position":2,"name":"Dernier Carat"}]},{"@type":"WebSite","@id":"https:\/\/www.chateauletros.fr\/#website","url":"https:\/\/www.chateauletros.fr\/","name":"Ch\u00e2teau le Tros - Vignobles Jabouin \u00e0 Tizac-de-Curton (33)","description":"Ch\u00e2teau Le Tros - Quatre g\u00e9n\u00e9rations de passionn\u00e9s au service du vin","potentialAction":[{"@type":"SearchAction","target":{"@type":"EntryPoint","urlTemplate":"https:\/\/www.chateauletros.fr\/?s={search_term_string}"},"query-input":"required name=search_term_string"}],"inLanguage":"fr-FR"}]}},"_links":{"self":[{"href":"https:\/\/www.chateauletros.fr\/index.php\/wp-json\/wp\/v2\/pages\/10641","targetHints":{"allow":["GET"]}}],"collection":[{"href":"https:\/\/www.chateauletros.fr\/index.php\/wp-json\/wp\/v2\/pages"}],"about":[{"href":"https:\/\/www.chateauletros.fr\/index.php\/wp-json\/wp\/v2\/types\/page"}],"author":[{"embeddable":true,"href":"https:\/\/www.chateauletros.fr\/index.php\/wp-json\/wp\/v2\/users\/1"}],"replies":[{"embeddable":true,"href":"https:\/\/www.chateauletros.fr\/index.php\/wp-json\/wp\/v2\/comments?post=10641"}],"version-history":[{"count":2,"href":"https:\/\/www.chateauletros.fr\/index.php\/wp-json\/wp\/v2\/pages\/10641\/revisions"}],"predecessor-version":[{"id":11158,"href":"https:\/\/www.chateauletros.fr\/index.php\/wp-json\/wp\/v2\/pages\/10641\/revisions\/11158"}],"wp:attachment":[{"href":"https:\/\/www.chateauletros.fr\/index.php\/wp-json\/wp\/v2\/media?parent=10641"}],"curies":[{"name":"wp","href":"https:\/\/api.w.org\/{rel}","templated":true}]}}