{"id":10604,"date":"2016-10-27T08:00:39","date_gmt":"2016-10-27T06:00:39","guid":{"rendered":"http:\/\/chateauletros.fr\/?page_id=10604"},"modified":"2025-07-24T16:05:41","modified_gmt":"2025-07-24T14:05:41","slug":"bordeaux-rose","status":"publish","type":"page","link":"https:\/\/www.chateauletros.fr\/index.php\/bordeaux-rose\/","title":{"rendered":"Bordeaux Ros\u00e9"},"content":{"rendered":"<div class=\"wpb-content-wrapper\"><p>[vc_row row_type=\u00a0\u00bbrow\u00a0\u00bb use_row_as_full_screen_section=\u00a0\u00bbno\u00a0\u00bb type=\u00a0\u00bbgrid\u00a0\u00bb text_align=\u00a0\u00bbleft\u00a0\u00bb padding_top=\u00a0\u00bb21&Prime; padding_bottom=\u00a0\u00bb14&Prime; box_shadow_on_row=\u00a0\u00bbno\u00a0\u00bb floating_direction=\u00a0\u00bbtop-bottom\u00a0\u00bb floating_speed=\u00a0\u00bb3&Prime; zigzag=\u00a0\u00bbyes\u00a0\u00bb floating_randsize=\u00a0\u00bbyes\u00a0\u00bb][vc_column]<div class=\"custom_font_holder\" style=\"font-family: Playfair Display; font-size: 33px; line-height: 45px; font-style: normal; font-weight: 400; color: #ffffff; text-decoration: none; letter-spacing: 0px;; text-transform: capitalize; text-align: center\" data-font-size=33 data-line-height=45 ><div  ><strong>BORDEAUX ROSE<\/strong><\/div><\/div>[vc_text_separator title=\u00a0\u00bbAPPELLATION BORDEAUX ROSE\u00a0\u00bb text_in_box=\u00a0\u00bbno\u00a0\u00bb text_position=\u00a0\u00bbcenter\u00a0\u00bb box_padding=\u00a0\u00bb15&Prime; line_width=\u00a0\u00bb255&Prime; line_thickness=\u00a0\u00bb1&Prime; line_border_style=\u00a0\u00bbsolid\u00a0\u00bb up=\u00a0\u00bb9&Prime; down=\u00a0\u00bb6&Prime; animation=\u00a0\u00bbanimate_width\u00a0\u00bb line_dots=\u00a0\u00bbno\u00a0\u00bb][vc_empty_space height=\u00a0\u00bb20px\u00a0\u00bb image_repeat=\u00a0\u00bbno-repeat\u00a0\u00bb][\/vc_column][\/vc_row][vc_row row_type=\u00a0\u00bbrow\u00a0\u00bb use_row_as_full_screen_section=\u00a0\u00bbno\u00a0\u00bb type=\u00a0\u00bbgrid\u00a0\u00bb text_align=\u00a0\u00bbleft\u00a0\u00bb padding_top=\u00a0\u00bb21&Prime; padding_bottom=\u00a0\u00bb14&Prime; box_shadow_on_row=\u00a0\u00bbno\u00a0\u00bb floating_direction=\u00a0\u00bbtop-bottom\u00a0\u00bb floating_speed=\u00a0\u00bb3&Prime; zigzag=\u00a0\u00bbyes\u00a0\u00bb floating_randsize=\u00a0\u00bbyes\u00a0\u00bb][vc_column width=\u00a0\u00bb5\/12&Prime;][vc_single_image image=\u00a0\u00bb11140&Prime; img_size=\u00a0\u00bbfull\u00a0\u00bb alignment=\u00a0\u00bbcenter\u00a0\u00bb hover_animation=\u00a0\u00bbno\u00a0\u00bb edgt_css_animation=\u00a0\u00bbelement_from_left\u00a0\u00bb][\/vc_column][vc_column width=\u00a0\u00bb7\/12&Prime;]<div class=\"custom_font_holder\" style=\"font-family: Playfair Display; font-size: 33px; line-height: 45px; font-style: normal; font-weight: 400; color: #ffffff; text-decoration: none; letter-spacing: 0px;; text-transform: capitalize; text-align: left\" data-font-size=33 data-line-height=45 ><div  ><strong><img loading=\"lazy\" decoding=\"async\" class=\"alignnone wp-image-10988\" src=\"http:\/\/chateauletros.fr\/wp-content\/uploads\/2016\/10\/grappe-en-hauteur-blanche.png\" width=\"30\" height=\"49\" \/><\/strong>\u00a0 Informations Techniques<\/div><\/div>[vc_empty_space height=\u00a0\u00bb18px\u00a0\u00bb image_repeat=\u00a0\u00bbno-repeat\u00a0\u00bb][vc_column_text]<strong data-start=\"111\" data-end=\"126\">Appellation<\/strong> : AOC Bordeaux<br data-start=\"141\" data-end=\"144\" \/><strong data-start=\"144\" data-end=\"159\">Type de sol<\/strong> : Argilo-calcaire<br data-start=\"177\" data-end=\"180\" \/><strong data-start=\"180\" data-end=\"205\">Densit\u00e9 de plantation<\/strong> : 4 500 pieds par hectare<br data-start=\"231\" data-end=\"234\" \/><strong data-start=\"234\" data-end=\"245\" data-is-only-node=\"\">C\u00e9pages<\/strong> : Merlot 85 %, Cabernet Franc 15 %<br data-start=\"280\" data-end=\"283\" \/><strong data-start=\"283\" data-end=\"293\">Taille<\/strong> : Guyot double<br data-start=\"308\" data-end=\"311\" \/><strong data-start=\"311\" data-end=\"324\">Vendanges<\/strong> : M\u00e9caniques, r\u00e9alis\u00e9es le matin, avec tri sur table vibrante<br data-start=\"386\" data-end=\"389\" \/><strong data-start=\"389\" data-end=\"414\">S\u00e9lection parcellaire<\/strong><br data-start=\"414\" data-end=\"417\" \/><strong data-start=\"417\" data-end=\"431\">Mac\u00e9ration<\/strong> : Pelliculaire pendant 12 h \u00e0 10 \u00b0C<br data-start=\"467\" data-end=\"470\" \/><strong data-start=\"470\" data-end=\"484\">Pressurage<\/strong> : Pneumatique<br data-start=\"498\" data-end=\"501\" \/><strong data-start=\"501\" data-end=\"515\">D\u00e9bourbage<\/strong> : R\u00e9alis\u00e9<br data-start=\"525\" data-end=\"528\" \/><strong data-start=\"528\" data-end=\"544\">Fermentation<\/strong> : \u00c0 basse temp\u00e9rature (14\u201316 \u00b0C)<br data-start=\"577\" data-end=\"580\" \/><strong data-start=\"580\" data-end=\"607\">Stabilisation tartrique<\/strong> : Par le froid<br data-start=\"622\" data-end=\"625\" \/><strong data-start=\"625\" data-end=\"636\">\u00c9levage<\/strong> : En cuve inox<\/p>\n<p><br data-start=\"651\" data-end=\"654\" \/><strong data-start=\"654\" data-end=\"666\">\u0152nologue<\/strong> : Laure Vatin<br data-start=\"680\" data-end=\"683\" \/><strong data-start=\"683\" data-end=\"709\">Mill\u00e9simes disponibles<\/strong> : 2023 \u2013 2024[\/vc_column_text][vc_empty_space height=\u00a0\u00bb20px\u00a0\u00bb image_repeat=\u00a0\u00bbno-repeat\u00a0\u00bb]<a href=\"https:\/\/www.chateauletros.fr\/wp-content\/uploads\/2025\/07\/F.T-Rose-Chateau-le-Tros-.pdf\" target=\"_blank\" data-hover-color=#ffffff data-icon-hover-color=#ffffff  class=\"qbutton  large qbutton_with_icon icon_left\" style=\"font-size: 16px; font-family: PLayfair display;line-height: 20px; height: 20px; font-style: normal; font-weight: 400; text-transform: capitalize; padding: 0 0px; background-color: #222222;\"><i class=\"edgt_icon_font_awesome fa fa-file-pdf-o button_icon\" style=\"color: #b48360;width: inherit; \" ><\/i>Fiche Technique du Vin<\/a>[vc_empty_space image_repeat=\u00a0\u00bbno-repeat\u00a0\u00bb][\/vc_column][\/vc_row]<\/p>\n<\/div>","protected":false},"excerpt":{"rendered":"<p>[vc_row row_type=\u00a0\u00bbrow\u00a0\u00bb use_row_as_full_screen_section=\u00a0\u00bbno\u00a0\u00bb type=\u00a0\u00bbgrid\u00a0\u00bb text_align=\u00a0\u00bbleft\u00a0\u00bb padding_top=\u00a0\u00bb21&Prime; padding_bottom=\u00a0\u00bb14&Prime; box_shadow_on_row=\u00a0\u00bbno\u00a0\u00bb floating_direction=\u00a0\u00bbtop-bottom\u00a0\u00bb floating_speed=\u00a0\u00bb3&Prime; zigzag=\u00a0\u00bbyes\u00a0\u00bb floating_randsize=\u00a0\u00bbyes\u00a0\u00bb][vc_column][vc_text_separator title=\u00a0\u00bbAPPELLATION BORDEAUX ROSE\u00a0\u00bb text_in_box=\u00a0\u00bbno\u00a0\u00bb text_position=\u00a0\u00bbcenter\u00a0\u00bb box_padding=\u00a0\u00bb15&Prime; line_width=\u00a0\u00bb255&Prime; line_thickness=\u00a0\u00bb1&Prime; line_border_style=\u00a0\u00bbsolid\u00a0\u00bb up=\u00a0\u00bb9&Prime; down=\u00a0\u00bb6&Prime; animation=\u00a0\u00bbanimate_width\u00a0\u00bb line_dots=\u00a0\u00bbno\u00a0\u00bb][vc_empty_space height=\u00a0\u00bb20px\u00a0\u00bb image_repeat=\u00a0\u00bbno-repeat\u00a0\u00bb][\/vc_column][\/vc_row][vc_row row_type=\u00a0\u00bbrow\u00a0\u00bb use_row_as_full_screen_section=\u00a0\u00bbno\u00a0\u00bb type=\u00a0\u00bbgrid\u00a0\u00bb text_align=\u00a0\u00bbleft\u00a0\u00bb padding_top=\u00a0\u00bb21&Prime; padding_bottom=\u00a0\u00bb14&Prime; box_shadow_on_row=\u00a0\u00bbno\u00a0\u00bb floating_direction=\u00a0\u00bbtop-bottom\u00a0\u00bb floating_speed=\u00a0\u00bb3&Prime; zigzag=\u00a0\u00bbyes\u00a0\u00bb floating_randsize=\u00a0\u00bbyes\u00a0\u00bb][vc_column width=\u00a0\u00bb5\/12&Prime;][vc_single_image image=\u00a0\u00bb11140&Prime; img_size=\u00a0\u00bbfull\u00a0\u00bb alignment=\u00a0\u00bbcenter\u00a0\u00bb hover_animation=\u00a0\u00bbno\u00a0\u00bb edgt_css_animation=\u00a0\u00bbelement_from_left\u00a0\u00bb][\/vc_column][vc_column width=\u00a0\u00bb7\/12&Prime;][vc_empty_space&#8230;<\/p>\n","protected":false},"author":1,"featured_media":0,"parent":0,"menu_order":0,"comment_status":"closed","ping_status":"closed","template":"","meta":{"footnotes":""},"class_list":["post-10604","page","type-page","status-publish","hentry"],"yoast_head":"<!-- This site is optimized with the Yoast SEO plugin v20.1 - https:\/\/yoast.com\/wordpress\/plugins\/seo\/ -->\n<title>Bordeaux Ros\u00e9 - Ch\u00e2teau le Tros - Vignobles Jabouin \u00e0 Tizac-de-Curton (33)<\/title>\n<meta name=\"description\" content=\"Le ch\u00e2teau le Tros vous pr\u00e9sente son vin d&#039;appellation Bordeaux Ros\u00e9.\" \/>\n<meta name=\"robots\" content=\"index, follow, max-snippet:-1, max-image-preview:large, max-video-preview:-1\" \/>\n<link rel=\"canonical\" href=\"https:\/\/www.chateauletros.fr\/index.php\/bordeaux-rose\/\" \/>\n<meta property=\"og:locale\" content=\"fr_FR\" \/>\n<meta property=\"og:type\" content=\"article\" \/>\n<meta property=\"og:title\" content=\"Bordeaux Ros\u00e9 - Ch\u00e2teau le Tros - Vignobles Jabouin \u00e0 Tizac-de-Curton (33)\" \/>\n<meta property=\"og:description\" content=\"Le ch\u00e2teau le Tros vous pr\u00e9sente son vin d&#039;appellation Bordeaux Ros\u00e9.\" \/>\n<meta property=\"og:url\" content=\"https:\/\/www.chateauletros.fr\/index.php\/bordeaux-rose\/\" \/>\n<meta property=\"og:site_name\" content=\"Ch\u00e2teau le Tros - Vignobles Jabouin \u00e0 Tizac-de-Curton (33)\" \/>\n<meta property=\"article:modified_time\" content=\"2025-07-24T14:05:41+00:00\" \/>\n<meta property=\"og:image\" content=\"http:\/\/chateauletros.fr\/wp-content\/uploads\/2016\/10\/grappe-en-hauteur-blanche.png\" \/>\n<meta name=\"twitter:card\" content=\"summary_large_image\" \/>\n<meta name=\"twitter:label1\" content=\"Dur\u00e9e de lecture estim\u00e9e\" \/>\n\t<meta name=\"twitter:data1\" content=\"2 minutes\" \/>\n<script type=\"application\/ld+json\" class=\"yoast-schema-graph\">{\"@context\":\"https:\/\/schema.org\",\"@graph\":[{\"@type\":\"WebPage\",\"@id\":\"https:\/\/www.chateauletros.fr\/index.php\/bordeaux-rose\/\",\"url\":\"https:\/\/www.chateauletros.fr\/index.php\/bordeaux-rose\/\",\"name\":\"Bordeaux Ros\u00e9 - Ch\u00e2teau le Tros - Vignobles Jabouin \u00e0 Tizac-de-Curton (33)\",\"isPartOf\":{\"@id\":\"https:\/\/www.chateauletros.fr\/#website\"},\"datePublished\":\"2016-10-27T06:00:39+00:00\",\"dateModified\":\"2025-07-24T14:05:41+00:00\",\"description\":\"Le ch\u00e2teau le Tros vous pr\u00e9sente son vin d'appellation Bordeaux Ros\u00e9.\",\"breadcrumb\":{\"@id\":\"https:\/\/www.chateauletros.fr\/index.php\/bordeaux-rose\/#breadcrumb\"},\"inLanguage\":\"fr-FR\",\"potentialAction\":[{\"@type\":\"ReadAction\",\"target\":[\"https:\/\/www.chateauletros.fr\/index.php\/bordeaux-rose\/\"]}]},{\"@type\":\"BreadcrumbList\",\"@id\":\"https:\/\/www.chateauletros.fr\/index.php\/bordeaux-rose\/#breadcrumb\",\"itemListElement\":[{\"@type\":\"ListItem\",\"position\":1,\"name\":\"Accueil\",\"item\":\"https:\/\/www.chateauletros.fr\/\"},{\"@type\":\"ListItem\",\"position\":2,\"name\":\"Bordeaux Ros\u00e9\"}]},{\"@type\":\"WebSite\",\"@id\":\"https:\/\/www.chateauletros.fr\/#website\",\"url\":\"https:\/\/www.chateauletros.fr\/\",\"name\":\"Ch\u00e2teau le Tros - Vignobles Jabouin \u00e0 Tizac-de-Curton (33)\",\"description\":\"Ch\u00e2teau Le Tros - Quatre g\u00e9n\u00e9rations de passionn\u00e9s au service du vin\",\"potentialAction\":[{\"@type\":\"SearchAction\",\"target\":{\"@type\":\"EntryPoint\",\"urlTemplate\":\"https:\/\/www.chateauletros.fr\/?s={search_term_string}\"},\"query-input\":\"required name=search_term_string\"}],\"inLanguage\":\"fr-FR\"}]}<\/script>\n<!-- \/ Yoast SEO plugin. -->","yoast_head_json":{"title":"Bordeaux Ros\u00e9 - Ch\u00e2teau le Tros - Vignobles Jabouin \u00e0 Tizac-de-Curton (33)","description":"Le ch\u00e2teau le Tros vous pr\u00e9sente son vin d'appellation Bordeaux Ros\u00e9.","robots":{"index":"index","follow":"follow","max-snippet":"max-snippet:-1","max-image-preview":"max-image-preview:large","max-video-preview":"max-video-preview:-1"},"canonical":"https:\/\/www.chateauletros.fr\/index.php\/bordeaux-rose\/","og_locale":"fr_FR","og_type":"article","og_title":"Bordeaux Ros\u00e9 - Ch\u00e2teau le Tros - Vignobles Jabouin \u00e0 Tizac-de-Curton (33)","og_description":"Le ch\u00e2teau le Tros vous pr\u00e9sente son vin d'appellation Bordeaux Ros\u00e9.","og_url":"https:\/\/www.chateauletros.fr\/index.php\/bordeaux-rose\/","og_site_name":"Ch\u00e2teau le Tros - Vignobles Jabouin \u00e0 Tizac-de-Curton (33)","article_modified_time":"2025-07-24T14:05:41+00:00","og_image":[{"url":"http:\/\/chateauletros.fr\/wp-content\/uploads\/2016\/10\/grappe-en-hauteur-blanche.png"}],"twitter_card":"summary_large_image","twitter_misc":{"Dur\u00e9e de lecture estim\u00e9e":"2 minutes"},"schema":{"@context":"https:\/\/schema.org","@graph":[{"@type":"WebPage","@id":"https:\/\/www.chateauletros.fr\/index.php\/bordeaux-rose\/","url":"https:\/\/www.chateauletros.fr\/index.php\/bordeaux-rose\/","name":"Bordeaux Ros\u00e9 - Ch\u00e2teau le Tros - Vignobles Jabouin \u00e0 Tizac-de-Curton (33)","isPartOf":{"@id":"https:\/\/www.chateauletros.fr\/#website"},"datePublished":"2016-10-27T06:00:39+00:00","dateModified":"2025-07-24T14:05:41+00:00","description":"Le ch\u00e2teau le Tros vous pr\u00e9sente son vin d'appellation Bordeaux Ros\u00e9.","breadcrumb":{"@id":"https:\/\/www.chateauletros.fr\/index.php\/bordeaux-rose\/#breadcrumb"},"inLanguage":"fr-FR","potentialAction":[{"@type":"ReadAction","target":["https:\/\/www.chateauletros.fr\/index.php\/bordeaux-rose\/"]}]},{"@type":"BreadcrumbList","@id":"https:\/\/www.chateauletros.fr\/index.php\/bordeaux-rose\/#breadcrumb","itemListElement":[{"@type":"ListItem","position":1,"name":"Accueil","item":"https:\/\/www.chateauletros.fr\/"},{"@type":"ListItem","position":2,"name":"Bordeaux Ros\u00e9"}]},{"@type":"WebSite","@id":"https:\/\/www.chateauletros.fr\/#website","url":"https:\/\/www.chateauletros.fr\/","name":"Ch\u00e2teau le Tros - Vignobles Jabouin \u00e0 Tizac-de-Curton (33)","description":"Ch\u00e2teau Le Tros - Quatre g\u00e9n\u00e9rations de passionn\u00e9s au service du vin","potentialAction":[{"@type":"SearchAction","target":{"@type":"EntryPoint","urlTemplate":"https:\/\/www.chateauletros.fr\/?s={search_term_string}"},"query-input":"required name=search_term_string"}],"inLanguage":"fr-FR"}]}},"_links":{"self":[{"href":"https:\/\/www.chateauletros.fr\/index.php\/wp-json\/wp\/v2\/pages\/10604","targetHints":{"allow":["GET"]}}],"collection":[{"href":"https:\/\/www.chateauletros.fr\/index.php\/wp-json\/wp\/v2\/pages"}],"about":[{"href":"https:\/\/www.chateauletros.fr\/index.php\/wp-json\/wp\/v2\/types\/page"}],"author":[{"embeddable":true,"href":"https:\/\/www.chateauletros.fr\/index.php\/wp-json\/wp\/v2\/users\/1"}],"replies":[{"embeddable":true,"href":"https:\/\/www.chateauletros.fr\/index.php\/wp-json\/wp\/v2\/comments?post=10604"}],"version-history":[{"count":9,"href":"https:\/\/www.chateauletros.fr\/index.php\/wp-json\/wp\/v2\/pages\/10604\/revisions"}],"predecessor-version":[{"id":11383,"href":"https:\/\/www.chateauletros.fr\/index.php\/wp-json\/wp\/v2\/pages\/10604\/revisions\/11383"}],"wp:attachment":[{"href":"https:\/\/www.chateauletros.fr\/index.php\/wp-json\/wp\/v2\/media?parent=10604"}],"curies":[{"name":"wp","href":"https:\/\/api.w.org\/{rel}","templated":true}]}}